{"id":14,"date":"2024-10-16T14:42:23","date_gmt":"2024-10-16T14:42:23","guid":{"rendered":"https:\/\/openshops.rkinformatika.online\/?page_id=14"},"modified":"2025-03-26T16:22:02","modified_gmt":"2025-03-26T16:22:02","slug":"productos","status":"publish","type":"page","link":"https:\/\/bazarcetina.com\/en\/productos\/","title":{"rendered":"Products"},"content":{"rendered":"<div data-elementor-type=\"wp-page\" data-elementor-id=\"14\" class=\"elementor elementor-14\" data-elementor-post-type=\"page\">\n\t\t\t\t<div class=\"elementor-element elementor-element-332f95a e-flex e-con-boxed e-con e-parent\" data-id=\"332f95a\" data-element_type=\"container\" data-e-type=\"container\" data-settings=\"{&quot;background_background&quot;:&quot;classic&quot;}\">\n\t\t\t\t\t<div class=\"e-con-inner\">\n\t\t<div class=\"elementor-element elementor-element-9bc7600 e-con-full e-flex e-con e-child\" data-id=\"9bc7600\" data-element_type=\"container\" data-e-type=\"container\">\n\t\t\t\t<div class=\"elementor-element elementor-element-1927d46 elementor-invisible elementor-widget elementor-widget-heading\" data-id=\"1927d46\" data-element_type=\"widget\" data-e-type=\"widget\" data-settings=\"{&quot;_animation&quot;:&quot;zoomIn&quot;}\" data-widget_type=\"heading.default\">\n\t\t\t\t<div class=\"elementor-widget-container\">\n\t\t\t\t\t<h1 class=\"elementor-heading-title elementor-size-default\">Productos y Servicios<\/h1>\t\t\t\t<\/div>\n\t\t\t\t<\/div>\n\t\t\t\t<div class=\"elementor-element elementor-element-6b383c36 elementor-invisible elementor-widget elementor-widget-text-editor\" data-id=\"6b383c36\" data-element_type=\"widget\" data-e-type=\"widget\" data-settings=\"{&quot;_animation&quot;:&quot;zoomIn&quot;}\" data-widget_type=\"text-editor.default\">\n\t\t\t\t<div class=\"elementor-widget-container\">\n\t\t\t\t\t\t\t\t\t<p>Amplio Stock de productos<\/p>\t\t\t\t\t\t\t\t<\/div>\n\t\t\t\t<\/div>\n\t\t\t\t<\/div>\n\t\t\t\t\t<\/div>\n\t\t\t\t<\/div>\n\t\t<div class=\"elementor-element elementor-element-4d0ac50 e-flex e-con-boxed e-con e-parent\" data-id=\"4d0ac50\" data-element_type=\"container\" data-e-type=\"container\">\n\t\t\t\t\t<div class=\"e-con-inner\">\n\t\t\t\t<div class=\"elementor-element elementor-element-aee1da5 elementor-widget elementor-widget-heading\" data-id=\"aee1da5\" data-element_type=\"widget\" data-e-type=\"widget\" data-widget_type=\"heading.default\">\n\t\t\t\t<div class=\"elementor-widget-container\">\n\t\t\t\t\t<h2 class=\"elementor-heading-title elementor-size-default\">En Bazar Cetina encontrar\u00e1s todo lo que buscas en un solo lugar.<\/h2>\t\t\t\t<\/div>\n\t\t\t\t<\/div>\n\t\t\t\t\t<\/div>\n\t\t\t\t<\/div>\n\t\t<div class=\"elementor-element elementor-element-e6aa23e e-flex e-con-boxed e-con e-parent\" data-id=\"e6aa23e\" data-element_type=\"container\" data-e-type=\"container\">\n\t\t\t\t\t<div class=\"e-con-inner\">\n\t\t<div class=\"elementor-element elementor-element-d754658 e-con-full e-flex e-con e-child\" data-id=\"d754658\" data-element_type=\"container\" data-e-type=\"container\" data-settings=\"{&quot;background_background&quot;:&quot;classic&quot;}\">\n\t\t\t\t<div class=\"elementor-element elementor-element-cfdf13d elementor-widget elementor-widget-heading\" data-id=\"cfdf13d\" data-element_type=\"widget\" data-e-type=\"widget\" data-widget_type=\"heading.default\">\n\t\t\t\t<div class=\"elementor-widget-container\">\n\t\t\t\t\t<h2 class=\"elementor-heading-title elementor-size-default\">Electr\u00f3nica y Electrodom\u00e9sticos<\/h2>\t\t\t\t<\/div>\n\t\t\t\t<\/div>\n\t\t\t\t<div class=\"elementor-element elementor-element-490d2ce elementor-widget elementor-widget-text-editor\" data-id=\"490d2ce\" data-element_type=\"widget\" data-e-type=\"widget\" data-widget_type=\"text-editor.default\">\n\t\t\t\t<div class=\"elementor-widget-container\">\n\t\t\t\t\t\t\t\t\t<ul><li><strong data-start=\"282\" data-end=\"292\">Radios<\/strong>: anal\u00f3gicas y digitales, para que disfrutes de la mejor calidad de sonido.<\/li><li><strong data-start=\"373\" data-end=\"406\">Despertadores y radio relojes<\/strong>: desde los cl\u00e1sicos hasta los m\u00e1s modernos con pantalla digital.<\/li><li><strong data-start=\"477\" data-end=\"498\">Electrodom\u00e9sticos<\/strong>: peque\u00f1o y gran electrodom\u00e9stico para el hogar.<\/li><li><strong data-start=\"552\" data-end=\"568\">Calculadoras<\/strong>: cient\u00edficas, b\u00e1sicas y de oficina.<\/li><li><strong data-start=\"610\" data-end=\"628\">Telefon\u00eda fija<\/strong>: tel\u00e9fonos inal\u00e1mbricos, con cable y modelos retro.<\/li><li><strong data-start=\"686\" data-end=\"709\">Altavoces Bluetooth<\/strong>: sonido de alta calidad para cualquier ocasi\u00f3n.<\/li><li><strong data-start=\"763\" data-end=\"778\">Auriculares<\/strong>: inal\u00e1mbricos, con cable y deportivos.<\/li><li><strong data-start=\"823\" data-end=\"848\">Cargadores de m\u00f3viles<\/strong>: modelos universales y de carga r\u00e1pida.<\/li><li><strong data-start=\"894\" data-end=\"903\">Pilas<\/strong>: amplia variedad para relojes, mandos, c\u00e1maras, juguetes y m\u00e1s.<\/li><\/ul>\t\t\t\t\t\t\t\t<\/div>\n\t\t\t\t<\/div>\n\t\t\t\t<\/div>\n\t\t<div class=\"elementor-element elementor-element-50a0d2b e-con-full e-flex e-con e-child\" data-id=\"50a0d2b\" data-element_type=\"container\" data-e-type=\"container\">\n\t\t\t\t<div class=\"elementor-element elementor-element-82fd6b8 elementor-widget elementor-widget-heading\" data-id=\"82fd6b8\" data-element_type=\"widget\" data-e-type=\"widget\" data-widget_type=\"heading.default\">\n\t\t\t\t<div class=\"elementor-widget-container\">\n\t\t\t\t\t<h2 class=\"elementor-heading-title elementor-size-default\">Relojer\u00eda \u2013 Venta y Reparaci\u00f3n<\/h2>\t\t\t\t<\/div>\n\t\t\t\t<\/div>\n\t\t\t\t<div class=\"elementor-element elementor-element-d33caa0 elementor-widget elementor-widget-text-editor\" data-id=\"d33caa0\" data-element_type=\"widget\" data-e-type=\"widget\" data-widget_type=\"text-editor.default\">\n\t\t\t\t<div class=\"elementor-widget-container\">\n\t\t\t\t\t\t\t\t\t<ul><li><strong data-start=\"1017\" data-end=\"1050\">Relojes de marcas reconocidas<\/strong>: Casio y otras marcas de prestigio.<\/li><li><strong data-start=\"1092\" data-end=\"1121\">Cambio de pilas y correas<\/strong>: para relojes, mandos de garaje y coche.<\/li><li><strong data-start=\"1168\" data-end=\"1193\">Reparaci\u00f3n de relojes<\/strong>: especialistas en relojes antiguos de cuerda.<\/li><\/ul>\t\t\t\t\t\t\t\t<\/div>\n\t\t\t\t<\/div>\n\t\t\t\t<\/div>\n\t\t\t\t\t<\/div>\n\t\t\t\t<\/div>\n\t\t<div class=\"elementor-element elementor-element-4151aa9 e-flex e-con-boxed e-con e-parent\" data-id=\"4151aa9\" data-element_type=\"container\" data-e-type=\"container\">\n\t\t\t\t\t<div class=\"e-con-inner\">\n\t\t<div class=\"elementor-element elementor-element-2351659 e-con-full e-flex e-con e-child\" data-id=\"2351659\" data-element_type=\"container\" data-e-type=\"container\">\n\t\t\t\t<div class=\"elementor-element elementor-element-2acd6a9 elementor-widget elementor-widget-heading\" data-id=\"2acd6a9\" data-element_type=\"widget\" data-e-type=\"widget\" data-widget_type=\"heading.default\">\n\t\t\t\t<div class=\"elementor-widget-container\">\n\t\t\t\t\t<h2 class=\"elementor-heading-title elementor-size-default\">Regalos y Accesorios<\/h2>\t\t\t\t<\/div>\n\t\t\t\t<\/div>\n\t\t\t\t<div class=\"elementor-element elementor-element-c13aef9 elementor-widget elementor-widget-text-editor\" data-id=\"c13aef9\" data-element_type=\"widget\" data-e-type=\"widget\" data-widget_type=\"text-editor.default\">\n\t\t\t\t<div class=\"elementor-widget-container\">\n\t\t\t\t\t\t\t\t\t<ul><li><strong data-start=\"1280\" data-end=\"1303\">Detalles especiales<\/strong>: art\u00edculos de regalo para cualquier ocasi\u00f3n.<\/li><li><strong data-start=\"1354\" data-end=\"1381\">Accesorios electr\u00f3nicos<\/strong>: cables, adaptadores, bater\u00edas externas y m\u00e1s.<\/li><\/ul>\t\t\t\t\t\t\t\t<\/div>\n\t\t\t\t<\/div>\n\t\t\t\t<\/div>\n\t\t<div class=\"elementor-element elementor-element-7f45af2 e-con-full e-flex e-con e-child\" data-id=\"7f45af2\" data-element_type=\"container\" data-e-type=\"container\">\n\t\t\t\t<div class=\"elementor-element elementor-element-57f9b7d elementor-widget elementor-widget-heading\" data-id=\"57f9b7d\" data-element_type=\"widget\" data-e-type=\"widget\" data-widget_type=\"heading.default\">\n\t\t\t\t<div class=\"elementor-widget-container\">\n\t\t\t\t\t<h2 class=\"elementor-heading-title elementor-size-default\">Servicio T\u00e9cnico y Reparaci\u00f3n<\/h2>\t\t\t\t<\/div>\n\t\t\t\t<\/div>\n\t\t\t\t<div class=\"elementor-element elementor-element-ebc0618 elementor-widget elementor-widget-text-editor\" data-id=\"ebc0618\" data-element_type=\"widget\" data-e-type=\"widget\" data-widget_type=\"text-editor.default\">\n\t\t\t\t<div class=\"elementor-widget-container\">\n\t\t\t\t\t\t\t\t\t<ul><li><strong data-start=\"1478\" data-end=\"1521\">Reparaci\u00f3n de dispositivos electr\u00f3nicos<\/strong>: diagn\u00f3stico y soluci\u00f3n garantizada.<\/li><li><strong data-start=\"1564\" data-end=\"1603\">Servicio especializado en relojer\u00eda<\/strong>: mantenimiento y restauraci\u00f3n de relojes antiguos.<\/li><\/ul>\t\t\t\t\t\t\t\t<\/div>\n\t\t\t\t<\/div>\n\t\t\t\t<\/div>\n\t\t\t\t\t<\/div>\n\t\t\t\t<\/div>\n\t\t\t\t<section class=\"elementor-section elementor-top-section elementor-element elementor-element-af4d0b6 elementor-section-boxed elementor-section-height-default elementor-section-height-default\" data-id=\"af4d0b6\" data-element_type=\"section\" data-e-type=\"section\" data-settings=\"{&quot;background_background&quot;:&quot;classic&quot;}\">\n\t\t\t\t\t\t\t<div class=\"elementor-background-overlay\"><\/div>\n\t\t\t\t\t\t\t<div class=\"elementor-container elementor-column-gap-no\">\n\t\t\t\t\t<div class=\"elementor-column elementor-col-100 elementor-top-column elementor-element elementor-element-9520c42\" data-id=\"9520c42\" data-element_type=\"column\" data-e-type=\"column\" data-settings=\"{&quot;background_background&quot;:&quot;classic&quot;}\">\n\t\t\t<div class=\"elementor-widget-wrap elementor-element-populated\">\n\t\t\t\t\t\t<div class=\"elementor-element elementor-element-060dcc7 elementor-invisible elementor-widget elementor-widget-heading\" data-id=\"060dcc7\" data-element_type=\"widget\" data-e-type=\"widget\" data-settings=\"{&quot;_animation&quot;:&quot;zoomIn&quot;}\" data-widget_type=\"heading.default\">\n\t\t\t\t<div class=\"elementor-widget-container\">\n\t\t\t\t\t<h2 class=\"elementor-heading-title elementor-size-default\">\u00a1Vis\u00edtanos y descubre nuestra variedad de productos y servicios!<\/h2>\t\t\t\t<\/div>\n\t\t\t\t<\/div>\n\t\t\t\t<div class=\"elementor-element elementor-element-ca7008b elementor-align-center elementor-widget elementor-widget-button\" data-id=\"ca7008b\" data-element_type=\"widget\" data-e-type=\"widget\" data-widget_type=\"button.default\">\n\t\t\t\t<div class=\"elementor-widget-container\">\n\t\t\t\t\t\t\t\t\t<div class=\"elementor-button-wrapper\">\n\t\t\t\t\t<a class=\"elementor-button elementor-button-link elementor-size-sm elementor-animation-float\" href=\"https:\/\/bazarcetina.com\/en\/contacto\/\">\n\t\t\t\t\t\t<span class=\"elementor-button-content-wrapper\">\n\t\t\t\t\t\t\t\t\t<span class=\"elementor-button-text\">Contact Us<\/span>\n\t\t\t\t\t<\/span>\n\t\t\t\t\t<\/a>\n\t\t\t\t<\/div>\n\t\t\t\t\t\t\t\t<\/div>\n\t\t\t\t<\/div>\n\t\t\t\t\t<\/div>\n\t\t<\/div>\n\t\t\t\t\t<\/div>\n\t\t<\/section>\n\t\t\t\t<\/div>","protected":false},"excerpt":{"rendered":"<p>Productos y Servicios Amplio Stock de productos En Bazar Cetina encontrar\u00e1s todo lo que buscas en un solo lugar. Electr\u00f3nica y Electrodom\u00e9sticos Radios: anal\u00f3gicas y digitales, para que disfrutes de la mejor calidad de sonido. Despertadores y radio relojes: desde los cl\u00e1sicos hasta los m\u00e1s modernos con pantalla digital. Electrodom\u00e9sticos: peque\u00f1o y gran electrodom\u00e9stico para [&hellip;]<\/p>\n","protected":false},"author":4,"featured_media":0,"parent":0,"menu_order":0,"comment_status":"closed","ping_status":"closed","template":"elementor_canvas","meta":{"footnotes":""},"class_list":["post-14","page","type-page","status-publish","hentry"],"yoast_head":"<!-- This site is optimized with the Yoast SEO plugin v27.3 - https:\/\/yoast.com\/product\/yoast-seo-wordpress\/ -->\n<title>Productos - Bazar Cetina<\/title>\n<meta name=\"robots\" content=\"index, follow, max-snippet:-1, max-image-preview:large, max-video-preview:-1\" \/>\n<link rel=\"canonical\" href=\"https:\/\/bazarcetina.com\/en\/productos\/\" \/>\n<meta property=\"og:locale\" content=\"en_GB\" \/>\n<meta property=\"og:type\" content=\"article\" \/>\n<meta property=\"og:title\" content=\"Productos - Bazar Cetina\" \/>\n<meta property=\"og:description\" content=\"Productos y Servicios Amplio Stock de productos En Bazar Cetina encontrar\u00e1s todo lo que buscas en un solo lugar. Electr\u00f3nica y Electrodom\u00e9sticos Radios: anal\u00f3gicas y digitales, para que disfrutes de la mejor calidad de sonido. Despertadores y radio relojes: desde los cl\u00e1sicos hasta los m\u00e1s modernos con pantalla digital. Electrodom\u00e9sticos: peque\u00f1o y gran electrodom\u00e9stico para [&hellip;]\" \/>\n<meta property=\"og:url\" content=\"https:\/\/bazarcetina.com\/en\/productos\/\" \/>\n<meta property=\"og:site_name\" content=\"Bazar Cetina\" \/>\n<meta property=\"article:modified_time\" content=\"2025-03-26T16:22:02+00:00\" \/>\n<meta name=\"twitter:card\" content=\"summary_large_image\" \/>\n<meta name=\"twitter:label1\" content=\"Estimated reading time\" \/>\n\t<meta name=\"twitter:data1\" content=\"1 minute\" \/>\n<script type=\"application\/ld+json\" class=\"yoast-schema-graph\">{\"@context\":\"https:\\\/\\\/schema.org\",\"@graph\":[{\"@type\":\"WebPage\",\"@id\":\"https:\\\/\\\/bazarcetina.com\\\/productos\\\/\",\"url\":\"https:\\\/\\\/bazarcetina.com\\\/productos\\\/\",\"name\":\"Productos - Bazar Cetina\",\"isPartOf\":{\"@id\":\"https:\\\/\\\/bazarcetina.com\\\/#website\"},\"datePublished\":\"2024-10-16T14:42:23+00:00\",\"dateModified\":\"2025-03-26T16:22:02+00:00\",\"breadcrumb\":{\"@id\":\"https:\\\/\\\/bazarcetina.com\\\/productos\\\/#breadcrumb\"},\"inLanguage\":\"en-GB\",\"potentialAction\":[{\"@type\":\"ReadAction\",\"target\":[\"https:\\\/\\\/bazarcetina.com\\\/productos\\\/\"]}]},{\"@type\":\"BreadcrumbList\",\"@id\":\"https:\\\/\\\/bazarcetina.com\\\/productos\\\/#breadcrumb\",\"itemListElement\":[{\"@type\":\"ListItem\",\"position\":1,\"name\":\"Portada\",\"item\":\"https:\\\/\\\/bazarcetina.com\\\/\"},{\"@type\":\"ListItem\",\"position\":2,\"name\":\"Productos\"}]},{\"@type\":\"WebSite\",\"@id\":\"https:\\\/\\\/bazarcetina.com\\\/#website\",\"url\":\"https:\\\/\\\/bazarcetina.com\\\/\",\"name\":\"Bazar Cetina\",\"description\":\"Bazar, venta de electr\u00f3nica, electrodom\u00e9sticos, relojes y regalos.\",\"publisher\":{\"@id\":\"https:\\\/\\\/bazarcetina.com\\\/#organization\"},\"potentialAction\":[{\"@type\":\"SearchAction\",\"target\":{\"@type\":\"EntryPoint\",\"urlTemplate\":\"https:\\\/\\\/bazarcetina.com\\\/?s={search_term_string}\"},\"query-input\":{\"@type\":\"PropertyValueSpecification\",\"valueRequired\":true,\"valueName\":\"search_term_string\"}}],\"inLanguage\":\"en-GB\"},{\"@type\":\"Organization\",\"@id\":\"https:\\\/\\\/bazarcetina.com\\\/#organization\",\"name\":\"Bazar Cetina\",\"url\":\"https:\\\/\\\/bazarcetina.com\\\/\",\"logo\":{\"@type\":\"ImageObject\",\"inLanguage\":\"en-GB\",\"@id\":\"https:\\\/\\\/bazarcetina.com\\\/#\\\/schema\\\/logo\\\/image\\\/\",\"url\":\"https:\\\/\\\/bazarcetina.com\\\/wp-content\\\/uploads\\\/2025\\\/03\\\/cropped-azar.png\",\"contentUrl\":\"https:\\\/\\\/bazarcetina.com\\\/wp-content\\\/uploads\\\/2025\\\/03\\\/cropped-azar.png\",\"width\":500,\"height\":196,\"caption\":\"Bazar Cetina\"},\"image\":{\"@id\":\"https:\\\/\\\/bazarcetina.com\\\/#\\\/schema\\\/logo\\\/image\\\/\"}}]}<\/script>\n<!-- \/ Yoast SEO plugin. -->","yoast_head_json":{"title":"Productos - Bazar Cetina","robots":{"index":"index","follow":"follow","max-snippet":"max-snippet:-1","max-image-preview":"max-image-preview:large","max-video-preview":"max-video-preview:-1"},"canonical":"https:\/\/bazarcetina.com\/en\/productos\/","og_locale":"en_GB","og_type":"article","og_title":"Productos - Bazar Cetina","og_description":"Productos y Servicios Amplio Stock de productos En Bazar Cetina encontrar\u00e1s todo lo que buscas en un solo lugar. Electr\u00f3nica y Electrodom\u00e9sticos Radios: anal\u00f3gicas y digitales, para que disfrutes de la mejor calidad de sonido. Despertadores y radio relojes: desde los cl\u00e1sicos hasta los m\u00e1s modernos con pantalla digital. Electrodom\u00e9sticos: peque\u00f1o y gran electrodom\u00e9stico para [&hellip;]","og_url":"https:\/\/bazarcetina.com\/en\/productos\/","og_site_name":"Bazar Cetina","article_modified_time":"2025-03-26T16:22:02+00:00","twitter_card":"summary_large_image","twitter_misc":{"Estimated reading time":"1 minute"},"schema":{"@context":"https:\/\/schema.org","@graph":[{"@type":"WebPage","@id":"https:\/\/bazarcetina.com\/productos\/","url":"https:\/\/bazarcetina.com\/productos\/","name":"Productos - Bazar Cetina","isPartOf":{"@id":"https:\/\/bazarcetina.com\/#website"},"datePublished":"2024-10-16T14:42:23+00:00","dateModified":"2025-03-26T16:22:02+00:00","breadcrumb":{"@id":"https:\/\/bazarcetina.com\/productos\/#breadcrumb"},"inLanguage":"en-GB","potentialAction":[{"@type":"ReadAction","target":["https:\/\/bazarcetina.com\/productos\/"]}]},{"@type":"BreadcrumbList","@id":"https:\/\/bazarcetina.com\/productos\/#breadcrumb","itemListElement":[{"@type":"ListItem","position":1,"name":"Portada","item":"https:\/\/bazarcetina.com\/"},{"@type":"ListItem","position":2,"name":"Productos"}]},{"@type":"WebSite","@id":"https:\/\/bazarcetina.com\/#website","url":"https:\/\/bazarcetina.com\/","name":"Bazar Cetina","description":"Bazar, venta de electr\u00f3nica, electrodom\u00e9sticos, relojes y regalos.","publisher":{"@id":"https:\/\/bazarcetina.com\/#organization"},"potentialAction":[{"@type":"SearchAction","target":{"@type":"EntryPoint","urlTemplate":"https:\/\/bazarcetina.com\/?s={search_term_string}"},"query-input":{"@type":"PropertyValueSpecification","valueRequired":true,"valueName":"search_term_string"}}],"inLanguage":"en-GB"},{"@type":"Organization","@id":"https:\/\/bazarcetina.com\/#organization","name":"Bazar Cetina","url":"https:\/\/bazarcetina.com\/","logo":{"@type":"ImageObject","inLanguage":"en-GB","@id":"https:\/\/bazarcetina.com\/#\/schema\/logo\/image\/","url":"https:\/\/bazarcetina.com\/wp-content\/uploads\/2025\/03\/cropped-azar.png","contentUrl":"https:\/\/bazarcetina.com\/wp-content\/uploads\/2025\/03\/cropped-azar.png","width":500,"height":196,"caption":"Bazar Cetina"},"image":{"@id":"https:\/\/bazarcetina.com\/#\/schema\/logo\/image\/"}}]}},"_links":{"self":[{"href":"https:\/\/bazarcetina.com\/en\/wp-json\/wp\/v2\/pages\/14","targetHints":{"allow":["GET"]}}],"collection":[{"href":"https:\/\/bazarcetina.com\/en\/wp-json\/wp\/v2\/pages"}],"about":[{"href":"https:\/\/bazarcetina.com\/en\/wp-json\/wp\/v2\/types\/page"}],"author":[{"embeddable":true,"href":"https:\/\/bazarcetina.com\/en\/wp-json\/wp\/v2\/users\/4"}],"replies":[{"embeddable":true,"href":"https:\/\/bazarcetina.com\/en\/wp-json\/wp\/v2\/comments?post=14"}],"version-history":[{"count":619,"href":"https:\/\/bazarcetina.com\/en\/wp-json\/wp\/v2\/pages\/14\/revisions"}],"predecessor-version":[{"id":2365,"href":"https:\/\/bazarcetina.com\/en\/wp-json\/wp\/v2\/pages\/14\/revisions\/2365"}],"wp:attachment":[{"href":"https:\/\/bazarcetina.com\/en\/wp-json\/wp\/v2\/media?parent=14"}],"curies":[{"name":"wp","href":"https:\/\/api.w.org\/{rel}","templated":true}]}}